{"id":426,"date":"2025-07-16T20:56:07","date_gmt":"2025-07-16T20:56:07","guid":{"rendered":"https:\/\/mohub.creospacetech.pl\/?page_id=15"},"modified":"2025-07-16T20:56:07","modified_gmt":"2025-07-16T20:56:07","slug":"strona-glowna","status":"publish","type":"page","link":"https:\/\/mohub.eu\/en\/","title":{"rendered":"Strona g\u0142\u00f3wna"},"content":{"rendered":"<!-- strgl-slider -->\n<div class=\"strgl-slider  position-relative container swiper\">\n\t<div class=\"swiper-wrapper\">\n \n\t\t\t\t\t\t\t\t\t<!-- repeater field -->\n\t\t\t\t<div class=\"swiper-slide position-relative\">\n\t\t\t\t\t<div class=\"slide-bg\" style=\"background-image: url('https:\/\/mohub.eu\/en\/wp-content\/uploads\/sites\/3\/2025\/07\/szeroko-Large.jpeg')\"><\/div>\n\t\t\t\t\t\n\t\t\t\t\t<div class=\"nakladkastrgl position-absolute start-0 top-0 w-100 h-100 z-1 \"><\/div>\n\n\t\t\t\t\t<div class=\"w-100 px-5 h-100 d-flex align-items-end pb-5\">\n\t\t\t\t\t\t<div class=\"slide-content w-100 text-white\">\n\t\t\t\t\t\t\t<h2 class=\"fw-bold text-uppercase\">Mo. WARSAW<\/h2>\n\t\t\t\t\t\t\t<p class=\"lead text-white\">Zacz\u0119li\u015bmy od kuchni, ale szybko przekszta\u0142cili\u015bmy nasze dzia\u0142ania w co\u015b znacznie wi\u0119kszego. MoHub to przestrze\u0144, w kt\u00f3rej kulinarny styl \u017cycia spotyka si\u0119 z bezkompromisow\u0105 jako\u015bci\u0105 premium. Codziennie dostarczamy rozwi\u0105zania, kt\u00f3re inspiruj\u0105, zaskakuj\u0105 i pozwalaj\u0105 tworzy\u0107 autentyczne do\u015bwiadczenia kulinarne.\r\n<\/p>\n\n\t\t\t\t\t\t\t<a href=\"https:\/\/mohub.eu\/o-nas\/\" class=\"btn rounded-0 text-white border-bottom mt-3 pe-5 ms-0 ps-0\">\n\t\t\t\t\t\t\t\tPoznajmy si\u0119\t\t\t\t\t\t\t<\/a>\n\t\t\t\t\t\t<\/div>\n\t\t\t\t\t<\/div>\n\t\t\t\t<\/div>\n\t\t\t\t\t\t\t<!-- repeater field -->\n\t\t\t\t<div class=\"swiper-slide position-relative\">\n\t\t\t\t\t<div class=\"slide-bg\" style=\"background-image: url('')\"><\/div>\n\t\t\t\t\t\n\t\t\t\t\t<div class=\"nakladkastrgl position-absolute start-0 top-0 w-100 h-100 z-1 \"><\/div>\n\n\t\t\t\t\t<div class=\"w-100 px-5 h-100 d-flex align-items-end pb-5\">\n\t\t\t\t\t\t<div class=\"slide-content w-100 text-white\">\n\t\t\t\t\t\t\t<h2 class=\"fw-bold text-uppercase\">Consulting Mo. Hub<\/h2>\n\t\t\t\t\t\t\t<p class=\"lead text-white\">Pomagamy markom i ludziom budowa\u0107 do\u015bwiadczenia, kt\u00f3re smakuj\u0105 jak sukces. Od strategii kulinarnej po koncepty lifestyle\u2019owe \u2013 wspieramy na ka\u017cdym etapie rozwoju.<\/p>\n\n\t\t\t\t\t\t\t<a href=\"https:\/\/mohub.eu\/consulting\/\" class=\"btn rounded-0 text-white border-bottom mt-3 pe-5 ms-0 ps-0\">\n\t\t\t\t\t\t\t\tConsulting Mo\t\t\t\t\t\t\t<\/a>\n\t\t\t\t\t\t<\/div>\n\t\t\t\t\t<\/div>\n\t\t\t\t<\/div>\n\t\t\t\t\t\t\t<!-- repeater field -->\n\t\t\t\t<div class=\"swiper-slide position-relative\">\n\t\t\t\t\t<div class=\"slide-bg\" style=\"background-image: url('https:\/\/mohub.eu\/en\/wp-content\/uploads\/sites\/3\/2025\/07\/6-1.jpeg')\"><\/div>\n\t\t\t\t\t\n\t\t\t\t\t<div class=\"nakladkastrgl position-absolute start-0 top-0 w-100 h-100 z-1 \"><\/div>\n\n\t\t\t\t\t<div class=\"w-100 px-5 h-100 d-flex align-items-end pb-5\">\n\t\t\t\t\t\t<div class=\"slide-content w-100 text-white\">\n\t\t\t\t\t\t\t<h2 class=\"fw-bold text-uppercase\">Portfolio Mo. Warsaw<\/h2>\n\t\t\t\t\t\t\t<p class=\"lead text-white\">Realizujemy projekty, kt\u00f3re zostaj\u0105 w pami\u0119ci \u2013 od event\u00f3w, przez content, po produkty. Zajrzyj do naszego \u015bwiata i zobacz, jak wygl\u0105da jako\u015b\u0107 w praktyce.<\/p>\n\n\t\t\t\t\t\t\t<a href=\"https:\/\/mohub.eu\/portfolio\/\" class=\"btn rounded-0 text-white border-bottom mt-3 pe-5 ms-0 ps-0\">\n\t\t\t\t\t\t\t\tPortfolio \t\t\t\t\t\t\t<\/a>\n\t\t\t\t\t\t<\/div>\n\t\t\t\t\t<\/div>\n\t\t\t\t<\/div>\n\t\t\t\t\t\t\t<!-- repeater field -->\n\t\t\t\t<div class=\"swiper-slide position-relative\">\n\t\t\t\t\t<div class=\"slide-bg\" style=\"background-image: url('https:\/\/mohub.eu\/en\/wp-content\/uploads\/sites\/3\/2025\/07\/szkol-melkular.jpg')\"><\/div>\n\t\t\t\t\t\n\t\t\t\t\t<div class=\"nakladkastrgl position-absolute start-0 top-0 w-100 h-100 z-1 \"><\/div>\n\n\t\t\t\t\t<div class=\"w-100 px-5 h-100 d-flex align-items-end pb-5\">\n\t\t\t\t\t\t<div class=\"slide-content w-100 text-white\">\n\t\t\t\t\t\t\t<h2 class=\"fw-bold text-uppercase\">Kontakt do Mo. Warsaw<\/h2>\n\t\t\t\t\t\t\t<p class=\"lead text-white\">Najlepsze efekty to wynik solidnego planowania i pracy tych, kt\u00f3rzy naprawd\u0119 s\u0142uchaj\u0105 i rozumiej\u0105 Twoje realne potrzeby. Je\u015bli chcesz stworzy\u0107 wyj\u0105tkowy kulinarny projekt lub zorganizowa\u0107 event, kt\u00f3ry zostanie w pami\u0119ci, odezwij si\u0119. W MoHub tworzymy rozwi\u0105zania, kt\u00f3re robi\u0105 r\u00f3\u017cnic\u0119 \u2013 bo jako\u015b\u0107 zaczyna si\u0119 od zrozumienia.<\/p>\n\n\t\t\t\t\t\t\t<a href=\"https:\/\/mohub.eu\/kontakt\/\" class=\"btn rounded-0 text-white border-bottom mt-3 pe-5 ms-0 ps-0\">\n\t\t\t\t\t\t\t\tChc\u0119 zmiany!\t\t\t\t\t\t\t<\/a>\n\t\t\t\t\t\t<\/div>\n\t\t\t\t\t<\/div>\n\t\t\t\t<\/div>\n\t\t\t\t\t \n\t<\/div>\n\n\t<!-- <div class=\"ikonki position-absolute d-none d-md-block z-3 end-0 top-0 p-3\">\n\t\t<ul class=\"d-flex list-unstyled pe-4 gap-3\">\n\t\t\t<li>\n\t\t\t\t<a href=\"https:\/\/www.facebook.com\/profile.php?id=61566188815554\" class=\"text-white\"><i class=\"fab fa-facebook-f\"><\/i><\/a>\n\t\t\t<\/li>\n\t\t\t<li>\n\t\t\t\t<a href=\"https:\/\/www.facebook.com\/profile.php?id=61566188815554\" class=\"text-white\"><i class=\"fab fa-facebook-f\"><\/i><\/a>\n\t\t\t<\/li>\n\t\t<\/ul>\n\t<\/div> -->\n<\/div>\n\n<script>\ndocument.addEventListener('DOMContentLoaded', function () {\n\tnew Swiper('.strgl-slider', {\n\t\tloop: true,\n\t\tspeed: 800,\n\t\teffect: 'slide',\n\t\tautoplay: {\n\t\t\tdelay: 8000, \/\/ autoplay co 2 sekundy\n\t\t},\n\t});\n});\n<\/script>","protected":false},"excerpt":{"rendered":"","protected":false},"author":1,"featured_media":0,"parent":0,"menu_order":0,"comment_status":"closed","ping_status":"closed","template":"","meta":{"footnotes":""},"class_list":["post-426","page","type-page","status-publish","hentry"],"yoast_head":"<!-- This site is optimized with the Yoast SEO plugin v27.2 - https:\/\/yoast.com\/product\/yoast-seo-wordpress\/ -->\n<title>Strona g\u0142\u00f3wna - Mohub English<\/title>\n<meta name=\"robots\" content=\"index, follow, max-snippet:-1, max-image-preview:large, max-video-preview:-1\" \/>\n<link rel=\"canonical\" href=\"https:\/\/mohub.eu\/en\/\" \/>\n<meta property=\"og:locale\" content=\"en_US\" \/>\n<meta property=\"og:type\" content=\"article\" \/>\n<meta property=\"og:title\" content=\"Strona g\u0142\u00f3wna - Mohub English\" \/>\n<meta property=\"og:url\" content=\"https:\/\/mohub.eu\/en\/\" \/>\n<meta property=\"og:site_name\" content=\"Mohub English\" \/>\n<meta name=\"twitter:card\" content=\"summary_large_image\" \/>\n<script type=\"application\/ld+json\" class=\"yoast-schema-graph\">{\"@context\":\"https:\/\/schema.org\",\"@graph\":[{\"@type\":\"WebPage\",\"@id\":\"https:\/\/mohub.eu\/en\/\",\"url\":\"https:\/\/mohub.eu\/en\/\",\"name\":\"Strona g\u0142\u00f3wna - Mohub English\",\"isPartOf\":{\"@id\":\"https:\/\/mohub.eu\/en\/#website\"},\"datePublished\":\"2025-07-16T20:56:07+00:00\",\"breadcrumb\":{\"@id\":\"https:\/\/mohub.eu\/en\/#breadcrumb\"},\"inLanguage\":\"en-US\",\"potentialAction\":[{\"@type\":\"ReadAction\",\"target\":[\"https:\/\/mohub.eu\/en\/\"]}]},{\"@type\":\"BreadcrumbList\",\"@id\":\"https:\/\/mohub.eu\/en\/#breadcrumb\",\"itemListElement\":[{\"@type\":\"ListItem\",\"position\":1,\"name\":\"Strona g\u0142\u00f3wna\",\"item\":\"https:\/\/mohub.eu\/en\/\"},{\"@type\":\"ListItem\",\"position\":2,\"name\":\"Strona g\u0142\u00f3wna\"}]},{\"@type\":\"WebSite\",\"@id\":\"https:\/\/mohub.eu\/en\/#website\",\"url\":\"https:\/\/mohub.eu\/en\/\",\"name\":\"Mohub English\",\"description\":\"\",\"potentialAction\":[{\"@type\":\"SearchAction\",\"target\":{\"@type\":\"EntryPoint\",\"urlTemplate\":\"https:\/\/mohub.eu\/en\/?s={search_term_string}\"},\"query-input\":{\"@type\":\"PropertyValueSpecification\",\"valueRequired\":true,\"valueName\":\"search_term_string\"}}],\"inLanguage\":\"en-US\"}]}<\/script>\n<!-- \/ Yoast SEO plugin. -->","yoast_head_json":{"title":"Strona g\u0142\u00f3wna - Mohub English","robots":{"index":"index","follow":"follow","max-snippet":"max-snippet:-1","max-image-preview":"max-image-preview:large","max-video-preview":"max-video-preview:-1"},"canonical":"https:\/\/mohub.eu\/en\/","og_locale":"en_US","og_type":"article","og_title":"Strona g\u0142\u00f3wna - Mohub English","og_url":"https:\/\/mohub.eu\/en\/","og_site_name":"Mohub English","twitter_card":"summary_large_image","schema":{"@context":"https:\/\/schema.org","@graph":[{"@type":"WebPage","@id":"https:\/\/mohub.eu\/en\/","url":"https:\/\/mohub.eu\/en\/","name":"Strona g\u0142\u00f3wna - Mohub English","isPartOf":{"@id":"https:\/\/mohub.eu\/en\/#website"},"datePublished":"2025-07-16T20:56:07+00:00","breadcrumb":{"@id":"https:\/\/mohub.eu\/en\/#breadcrumb"},"inLanguage":"en-US","potentialAction":[{"@type":"ReadAction","target":["https:\/\/mohub.eu\/en\/"]}]},{"@type":"BreadcrumbList","@id":"https:\/\/mohub.eu\/en\/#breadcrumb","itemListElement":[{"@type":"ListItem","position":1,"name":"Strona g\u0142\u00f3wna","item":"https:\/\/mohub.eu\/en\/"},{"@type":"ListItem","position":2,"name":"Strona g\u0142\u00f3wna"}]},{"@type":"WebSite","@id":"https:\/\/mohub.eu\/en\/#website","url":"https:\/\/mohub.eu\/en\/","name":"Mohub English","description":"","potentialAction":[{"@type":"SearchAction","target":{"@type":"EntryPoint","urlTemplate":"https:\/\/mohub.eu\/en\/?s={search_term_string}"},"query-input":{"@type":"PropertyValueSpecification","valueRequired":true,"valueName":"search_term_string"}}],"inLanguage":"en-US"}]}},"_links":{"self":[{"href":"https:\/\/mohub.eu\/en\/wp-json\/wp\/v2\/pages\/426","targetHints":{"allow":["GET"]}}],"collection":[{"href":"https:\/\/mohub.eu\/en\/wp-json\/wp\/v2\/pages"}],"about":[{"href":"https:\/\/mohub.eu\/en\/wp-json\/wp\/v2\/types\/page"}],"author":[{"embeddable":true,"href":"https:\/\/mohub.eu\/en\/wp-json\/wp\/v2\/users\/1"}],"replies":[{"embeddable":true,"href":"https:\/\/mohub.eu\/en\/wp-json\/wp\/v2\/comments?post=426"}],"version-history":[{"count":0,"href":"https:\/\/mohub.eu\/en\/wp-json\/wp\/v2\/pages\/426\/revisions"}],"wp:attachment":[{"href":"https:\/\/mohub.eu\/en\/wp-json\/wp\/v2\/media?parent=426"}],"curies":[{"name":"wp","href":"https:\/\/api.w.org\/{rel}","templated":true}]}}