{"id":429,"date":"2025-07-17T09:49:27","date_gmt":"2025-07-17T09:49:27","guid":{"rendered":"https:\/\/mohub.creospacetech.pl\/?page_id=27"},"modified":"2025-07-17T09:49:27","modified_gmt":"2025-07-17T09:49:27","slug":"consulting","status":"publish","type":"page","link":"https:\/\/mohub.eu\/en\/consulting\/","title":{"rendered":"Consulting"},"content":{"rendered":"\n<div style=\"height:34px\" aria-hidden=\"true\" class=\"wp-block-spacer\"><\/div>\n\n\n<!-- Template for ACF Block: tekstpolewej-fotapoprawej -->\n<div class=\"tekstpolewej-fotapoprawej container-fluid position-relative mb-5\">\n  <div class=\"container max-szeroko py-0\">\n    <div class=\"row position-relative align-items-center\">\n\n      <!-- Tekst po lewej -->\n      <div class=\"col-md-6 py-5 z-1\">\n\n        <h2 class=\"col-md-12 fs-3 text-uppercase\"\n             \n            data-aos-delay=\"100\"\n            data-aos-duration=\"800\">\n          Mo. Consulting         <\/h2>\n\n        <div class=\"kreksa col-md-12 border-top border-black\"\n              \n             data-aos-delay=\"200\"\n             data-aos-duration=\"600\">\n        <\/div>\n\n        <p class=\"col-md-12 text-justify mt-3 fs-6\"\n            \n           data-aos-delay=\"300\"\n           data-aos-duration=\"800\">\n          \u015awiat gastronomii i event\u00f3w nieustannie si\u0119 zmienia. Dzi\u015b nie wystarczy serwowa\u0107 dobre jedzenie \u2013 trzeba zaskakiwa\u0107, inspirowa\u0107 i dzia\u0142a\u0107 z wyprzedzeniem. W\u0142a\u015bnie dlatego powsta\u0142o MoHub Consulting \u2013 przestrze\u0144 dla profesjonalist\u00f3w, kt\u00f3rzy chc\u0105 rozwija\u0107 sw\u00f3j zesp\u00f3\u0142, tworzy\u0107 unikalne do\u015bwiadczenia kulinarne i wprowadza\u0107 innowacyjne rozwi\u0105zania na rynek.<br><br>\r\n\r\nOd widowiskowych pokaz\u00f3w z ciek\u0142ym azotem, przez szkolenia z kuchni molekularnej i nowoczesnego cukiernictwa, po kompleksowy consulting produktowy \u2013 dzielimy si\u0119 wiedz\u0105, kt\u00f3ra realnie zmienia biznes.<br><br>\r\n\r\nNie oferujemy gotowych receptur, ale uczymy, jak zrozumie\u0107 procesy i tworzy\u0107 w\u0142asne rozwi\u0105zania.\r\nWspieramy restauracje, manufaktury i start-upy \u2013 od pomys\u0142u, przez technologi\u0119, po sukces rynkowy.<br><br>\r\n\r\nZ nami zbudujesz mark\u0119, kt\u00f3ra inspiruje i wyr\u00f3\u017cnia si\u0119 na tle konkurencji.\r\nMoHub to wi\u0119cej ni\u017c szkolenie \u2013 to strategia Twojej przewagi.        <\/p>\n\n                  <a href=\"https:\/\/mohub.eu\/consulting\/#karuzela\" \n            class=\"btn fs-6 rounded-0 text-black text-uppercase border-bottom border-2 text-end mt-2 px-4 ps-0\">\n            Oferta          <\/a>\n        \n\n      <\/div>\n\n    <\/div>\n  <\/div>\n\n  <!-- Zdj\u0119cie po prawej -->\n  <div class=\" wysokosc col-md-5  position-md-absolute z-0  \"\n        data-aos-delay=\"300\"\n       data-aos-duration=\"1000\">\n    <div class=\"position-relative h-100 w-100\">\n       <img decoding=\"async\" src=\"https:\/\/mohub.eu\/en\/wp-content\/uploads\/sites\/3\/2025\/07\/ciekly-azot.jpeg\" class=\"greyscale position-absolute z-1 object-fit-cover w-100 h-100\" alt=\"\">\n    <\/div>\n  <\/div>\n<\/div>\n\n\n<div style=\"height:17px\" aria-hidden=\"true\" class=\"wp-block-spacer\"><\/div>\n\n\n<!-- Template for ACF Block: karuzelazmodalem -->\n<div id=\"karuzela\" class=\"karuzelazmodalem maxw\">\n\t<!-- Tw\u00f3j kod HTML -->\n\n\t<!-- Template for ACF Block: karuzelazmodalem -->\n<div class=\"container  py-5 border-top border-bottom  chleby-grid\" >\n \n <div class=\"row g-3\">\n   \t   <div class=\"col-12 col-md-4 heightbanerka p-3 col-lg-4\"   data-aos-delay=\"100\">\n\t\t <div class=\"chleb-tile position-relative h-100\" role=\"button\" data-chleb-id=\"chleb1\">\n\t\t   <img decoding=\"async\" src=\"https:\/\/mohub.eu\/en\/wp-content\/uploads\/sites\/3\/2025\/07\/szkol-melkular.jpg\" class=\"img-fluid position-absolute z-0 gtryscaclechleb object-fit-cover h-100  w-100\" alt=\"Szkolenia i pokazy z ciek\u0142ego azotu  \" loading=\"lazy\">\n\t\t   <div class=\"nakladkagradient position-absolute z-1\"><\/div>\n\t\t   <span class=\"caption small position-absolute z-2 bottom-2 col-9 text-uppercase\">Szkolenia i pokazy z ciek\u0142ego azotu  <\/span>\n\t\t <\/div>\n\t   <\/div>\n\t \t   <div class=\"col-12 col-md-4 heightbanerka p-3 col-lg-4\"   data-aos-delay=\"150\">\n\t\t <div class=\"chleb-tile position-relative h-100\" role=\"button\" data-chleb-id=\"chleb2\">\n\t\t   <img decoding=\"async\" src=\"\" class=\"img-fluid position-absolute z-0 gtryscaclechleb object-fit-cover h-100  w-100\" alt=\"Kuchnia molekularna \u2013 szkolenia dla profesjonalist\u00f3w  \" loading=\"lazy\">\n\t\t   <div class=\"nakladkagradient position-absolute z-1\"><\/div>\n\t\t   <span class=\"caption small position-absolute z-2 bottom-2 col-9 text-uppercase\">Kuchnia molekularna \u2013 szkolenia dla profesjonalist\u00f3w  <\/span>\n\t\t <\/div>\n\t   <\/div>\n\t \t   <div class=\"col-12 col-md-4 heightbanerka p-3 col-lg-4\"   data-aos-delay=\"200\">\n\t\t <div class=\"chleb-tile position-relative h-100\" role=\"button\" data-chleb-id=\"chleb3\">\n\t\t   <img decoding=\"async\" src=\"https:\/\/mohub.eu\/en\/wp-content\/uploads\/sites\/3\/2025\/07\/Consulting-prod.jpg\" class=\"img-fluid position-absolute z-0 gtryscaclechleb object-fit-cover h-100  w-100\" alt=\"Consulting produktowy \u2013 Tw\u00f3j pomys\u0142, nasza wiedza  \" loading=\"lazy\">\n\t\t   <div class=\"nakladkagradient position-absolute z-1\"><\/div>\n\t\t   <span class=\"caption small position-absolute z-2 bottom-2 col-9 text-uppercase\">Consulting produktowy \u2013 Tw\u00f3j pomys\u0142, nasza wiedza  <\/span>\n\t\t <\/div>\n\t   <\/div>\n\t \t   <div class=\"col-12 col-md-4 heightbanerka p-3 col-lg-4\"   data-aos-delay=\"250\">\n\t\t <div class=\"chleb-tile position-relative h-100\" role=\"button\" data-chleb-id=\"chleb4\">\n\t\t   <img decoding=\"async\" src=\"https:\/\/mohub.eu\/en\/wp-content\/uploads\/sites\/3\/2025\/07\/eklerki-1.jpg\" class=\"img-fluid position-absolute z-0 gtryscaclechleb object-fit-cover h-100  w-100\" alt=\"Szkolenia cukiernicze \u2013 od podstaw do mistrzostwa  \" loading=\"lazy\">\n\t\t   <div class=\"nakladkagradient position-absolute z-1\"><\/div>\n\t\t   <span class=\"caption small position-absolute z-2 bottom-2 col-9 text-uppercase\">Szkolenia cukiernicze \u2013 od podstaw do mistrzostwa  <\/span>\n\t\t <\/div>\n\t   <\/div>\n\t \t   <div class=\"col-12 col-md-4 heightbanerka p-3 col-lg-4\"   data-aos-delay=\"300\">\n\t\t <div class=\"chleb-tile position-relative h-100\" role=\"button\" data-chleb-id=\"chleb5\">\n\t\t   <img decoding=\"async\" src=\"https:\/\/mohub.eu\/en\/wp-content\/uploads\/sites\/3\/2025\/07\/finger3.jpeg\" class=\"img-fluid position-absolute z-0 gtryscaclechleb object-fit-cover h-100  w-100\" alt=\"Szkolenia z nowoczesnych fingerfood\u00f3w.\" loading=\"lazy\">\n\t\t   <div class=\"nakladkagradient position-absolute z-1\"><\/div>\n\t\t   <span class=\"caption small position-absolute z-2 bottom-2 col-9 text-uppercase\">Szkolenia z nowoczesnych fingerfood\u00f3w.<\/span>\n\t\t <\/div>\n\t   <\/div>\n\t  <\/div>\n\n\n\n<\/div>\n<script>\n document.addEventListener(\"DOMContentLoaded\", () => {\n   const modalContainer = document.getElementById(\"chlebModalContainer\");\n\n   const chlebyData = [\n\t {\"id\":\"chleb1\",\"title\":\"Szkolenia i pokazy z ciek\\u0142ego azotu  \",\"img\":\"https:\\\/\\\/mohub.eu\\\/en\\\/wp-content\\\/uploads\\\/sites\\\/3\\\/2025\\\/07\\\/szkol-melkular.jpg\",\"desc\":\"**Przenie\\u015b swoje wydarzenie lub restauracj\\u0119 na wy\\u017cszy poziom.**  <br><br>\\r\\nZaskocz go\\u015bci spektakularnym pokazem i odkryj, jak ciek\\u0142y azot mo\\u017ce odmieni\\u0107 Twoje menu. Organizujemy szkolenia dla profesjonalnych kuchni, kreatywne integracje firmowe, widowiskowe showcookingi na eventach.  <br><br>\\r\\nNie tylko uczymy te chniki \\u2013 pokazujemy, jak zrobi\\u0107 z niej prawdziw\\u0105 atrakcj\\u0119, kt\\u00f3ra zostaje w pami\\u0119ci i buduje Tw\\u00f3j wizerunek innowatora.\\r\\n\",\"link\":\"\",\"btn\":\"Kup teraz\"},{\"id\":\"chleb2\",\"title\":\"Kuchnia molekularna \\u2013 szkolenia dla profesjonalist\\u00f3w  \",\"img\":false,\"desc\":\"Otwieramy drzwi do kuchni molekularnej: od doboru stabilizator\\u00f3w po \\u015brodki \\u017celuj\\u0105ce i wi\\u0105\\u017c\\u0105ce, po praktyczne techniki z u\\u017cyciem syfon\\u00f3w i tworzenie perfekcyjnych espumas.  <br><br>\\r\\nPokazujemy, jak dobra\\u0107 technik\\u0119 do dania, jak zaskoczy\\u0107 tekstur\\u0105 i temperatur\\u0105, jak wyj\\u015b\\u0107 poza schematy, przede wszystkim zrozumie\\u0107 przepis i bezproblemowo tworzy\\u0107 w\\u0142asne wed\\u0142ug potrzeb.\\r\\n\",\"link\":\"\",\"btn\":\"Kup teraz\"},{\"id\":\"chleb3\",\"title\":\"Consulting produktowy \\u2013 Tw\\u00f3j pomys\\u0142, nasza wiedza  \",\"img\":\"https:\\\/\\\/mohub.eu\\\/en\\\/wp-content\\\/uploads\\\/sites\\\/3\\\/2025\\\/07\\\/Consulting-prod.jpg\",\"desc\":\"Doradzamy restauracjom, manufakturom i start-upom foodowym oraz wszystkim tym kt\\u00f3rzy chc\\u0105 wprowadzi\\u0107 na rynek sw\\u00f3j produkt, na ka\\u017cdym etapie: od koncepcji, przez receptur\\u0119, po wdro\\u017cenie i marketing.  <br><br>\\r\\n\\r\\nPomagamy dobra\\u0107 technologi\\u0119, zoptymalizowa\\u0107 procesy i stworzy\\u0107 produkt, kt\\u00f3ry ma realn\\u0105 szans\\u0119 na sukces rynkowy.\\r\\n\",\"link\":\"\",\"btn\":\"Kup teraz\"},{\"id\":\"chleb4\",\"title\":\"Szkolenia cukiernicze \\u2013 od podstaw do mistrzostwa  \",\"img\":\"https:\\\/\\\/mohub.eu\\\/en\\\/wp-content\\\/uploads\\\/sites\\\/3\\\/2025\\\/07\\\/eklerki-1.jpg\",\"desc\":\"**Podnie\\u015b poziom swojej cukierni lub restauracji.**  <br><br>\\r\\nUczymy, jak zrobi\\u0107 idealne ciasto parzone, jak formu\\u0142owa\\u0107 lody rzemie\\u015blnicze, jak tworzy\\u0107 kremy od zera, czy pracowa\\u0107 z czekolad\\u0105.<br><br>\\r\\nPrzekazujemy wiedz\\u0119, kt\\u00f3ra pozwala budowa\\u0107 ofert\\u0119 premium i zachwyca\\u0107 go\\u015bci niepowtarzalnymi deserami.\\r\\n\",\"link\":\"\",\"btn\":\"Kup teraz\"},{\"id\":\"chleb5\",\"title\":\"Szkolenia z nowoczesnych fingerfood\\u00f3w.\",\"img\":\"https:\\\/\\\/mohub.eu\\\/en\\\/wp-content\\\/uploads\\\/sites\\\/3\\\/2025\\\/07\\\/finger3.jpeg\",\"desc\":\"Um\\u00f3w sw\\u00f3j zesp\\u00f3\\u0142 na konsultacj\\u0119 i poznaj kulinarne techniki i przepisy, kt\\u00f3re wyr\\u00f3\\u017cni\\u0105 Twoj\\u0105 firm\\u0119 na tle wielu bezp\\u0142ciowych catering\\u00f3w serwuj\\u0105cych jedzenie zmontowane z gotowych p\\u00f3\\u0142produkt\\u00f3w.<br><br>\\r\\n\\r\\n\\r\\n\\r\\nW MoHub nie szkolimy, dla samego szkolenia.  \\r\\nPomagamy budowa\\u0107 przewag\\u0119, kt\\u00f3ra przek\\u0142ada si\\u0119 na realny sukces, a kluczem jest zrozumienie materii i proces\\u00f3w z kt\\u00f3r\\u0105 pracujemy<br><br>\\r\\nChcesz wiedzie\\u0107, jak mo\\u017cemy wzmocni\\u0107 Tw\\u00f3j biznes?  <br>\\r\\nUm\\u00f3w si\\u0119 na rozmow\\u0119 i poznaj nasz spos\\u00f3b na gastronomi\\u0119 przysz\\u0142o\\u015bci.\\r\\n\",\"link\":\"\",\"btn\":\"Kup teraz\"},   ];\n\n   document.querySelectorAll('[data-chleb-id]').forEach(tile => {\n\t tile.addEventListener('click', () => {\n\t   const id = tile.getAttribute('data-chleb-id');\n\t   const data = chlebyData.find(item => item.id === id);\n\t   if (!data) return;\n\n\t   \/\/ Usu\u0144 stary modal\n\t   modalContainer.innerHTML = \"\";\n\n\t   \/\/ Stw\u00f3rz nowy modal\n\t   const modalHTML = `\n<div class=\"modal fade\" id=\"chlebModal\" tabindex=\"-1\" aria-hidden=\"true\">\n  <div class=\"modal-dialog modal-dialog-centered modal-xl\">\n    <div class=\"modal-content shadow\">\n      <div class=\"modal-body p-5\">\n<button type=\"button\" class=\"btn-close custom-close text-white bg-black position-absolute end-0 top-0 m-3\" data-bs-dismiss=\"modal\" aria-label=\"Zamknij\">\n    <i class=\"fa-solid fa-x\"><\/i>\n<\/button>\n\n<div class=\"d-flex flex-column flex-lg-row align-items-stretch gap-5\">\n          <div class=\"col-md-4 modalheight position-relative\">\n            <img decoding=\"async\" src=\"${data.img}\" alt=\"${data.title}\" class=\" position-absolute w-100 h-100 object-fit-cover\"   loading=\"lazy\">\n          <\/div>\n          <div class=\"col-md-7\">\n            <h5 class=\"mb-3 fs-3 fs-md-2\">${data.title}<\/h5>\n            <p class=\"text-muted m-0 fs-6 fs-md-5\" style=\"line-height: 1.8;\">${data.desc}<\/p>\n            ${data.link ? `<a href=\"${data.link}\" class=\"btn btn-outline-dark btn-sm mt-3\" target=\"_blank\">${data.btn}<\/a>` : ''}\n          <\/div>\n        <\/div>\n      <\/div>\n    <\/div>\n  <\/div>\n<\/div>\n\n\n`;\n\n\t   modalContainer.innerHTML = modalHTML;\n\n\t   const modalEl = document.getElementById(\"chlebModal\");\n\t   const modal = new bootstrap.Modal(modalEl);\n\t   modal.show();\n\t });\n   });\n });\n<\/script>\n\n\n<\/div>\n\n\n<div style=\"height:73px\" aria-hidden=\"true\" class=\"wp-block-spacer\"><\/div>\n\n\n<div class=\"przerywnik d-flex align-items-center justify-content-end container position-relative\" style=\"height: 500px;\">\n\n  <img decoding=\"async\" src=\"https:\/\/mohub.eu\/en\/wp-content\/uploads\/sites\/3\/2025\/07\/warsztaty-final-scaled-1.jpg\" class=\"\n    position-absolute\n    w-100\n    h-100\n    object-fit-cover\n    z-0\n    start-0\n    top-0\n    filter\n  \" alt=\"\">\n\n  <div class=\"nakldka position-absolute w-100 h-100 start-0 top-0 z-1\"><\/div>\n\n  <div class=\"text-end pe-0 pe-md-5 py-5 z-3 text-white col-md-8\">\n    <h2 class=\"text-uppercase\">Gotuj z pasj\u0105. Tw\u00f3rz z sensem.<\/h2>\n    <div>W MoHub wierzymy, \u017ce jedzenie to co\u015b wi\u0119cej ni\u017c smak. To do\u015bwiadczenie, emocja, historia. Dlatego \u0142\u0105czymy nowoczesne techniki z rzemios\u0142em i wiedz\u0105, tworz\u0105c przestrze\u0144, w kt\u00f3rej mo\u017cesz rozwija\u0107 sw\u00f3j kulinarny potencja\u0142. Niezale\u017cnie, czy prowadzisz restauracj\u0119, organizujesz eventy, czy tworzysz sw\u00f3j produkt \u2013 jeste\u015bmy tu, by wspiera\u0107 Twoj\u0105 wizj\u0119.<\/div>\n    <a href=\"#\" class=\"btn rounded-0 ps-5 pe-0 text-white border-bottom mt-3\">\n      Kontakt    <\/a>\n  <\/div>\n\n<\/div>\n\n\n\n<div style=\"height:127px\" aria-hidden=\"true\" class=\"wp-block-spacer\"><\/div>\n\n\n<!-- Template for ACF Block: kontakt -->\n<div   class=\"kontakt container\">\n\t<div class=\"row w-100 m-auto\">\n\t\t<div class=\"col-xl-2 position-relative\">\n\t\t\t<h2   class=\"titlekontakt fw-medium\">Kontakt<\/h2> \n\t\t<\/div>\n\t\t<div class=\"col-xl-5 px-0 pb-5 pb-md-0 px-md-5 ms-md-0\">\n\t\t\t<h3   class=\"fs-2 fw-light\">Skontaktuj si\u0119 z nami<\/h3>\n\n\t\t\t<ul class=\"mx-0 czarny px-0 mt-5 list-unstyled\">\n\t\t\t\t\t\t\t\t\t\t\t\t\t\t\t<li   class=\"mb-1\">\n\t\t\t\t\t\t\t<a href=\"mailto:biuro@mohub.pl\" class=\"text-black text-decoration-none fs-5\">\n\t\t\t\t\t\t\t\tbiuro@mohub.pl\t\t\t\t\t\t\t<\/a>\n\t\t\t\t\t\t<\/li>\n\t\t\t\t\t\t\t\t\t\n\t\t\t\t\t\t\t\t\t\t\t\t\t\t\t<li  >\n\t\t\t\t\t\t\t<a href=\"tel:+48 696 530 766\" class=\"text-black text-decoration-none fs-5\">\n\t\t\t\t\t\t\t\t+48 696 530 766\t\t\t\t\t\t\t<\/a>\n\t\t\t\t\t\t<\/li>\n\t\t\t\t\t\t\t\t\t\t\t\t<\/ul>\n\n\t\t\t<p   class=\"fs-5 mt-5 fw-light\">\n\t\t\t\t\t\t\t<\/p>\n\n\t\t\t<div class=\"socials d-flex justify-content-start align-items-center\">\n\t\t\t\t\t\t\t<\/div>\n\t\t<\/div>\n\n\t\t<div class=\"col-xl-5\">\n\t\t\t[contact-form-7 id=&#8221;bf40f87&#8243; title=&#8221;Contact form 1&#8243;]\t\t<\/div>\n\t<\/div>\n<\/div>\n\n<!-- \n\n<div class=\"mapa py-5 mt-5\">\n\n<div class=\"map-container\">\n  <iframe\n    src=\"https:\/\/www.google.com\/maps\/embed?pb=!1m18!1m12!1m3!1d19557.05553175033!2d20.8029462!3d52.21373575!2m3!1f0!2f0!3f0!3m2!1i1024!2i768!4f13.1!3m3!1m2!1s0x47194a949347aed7%3A0x32dc923ebfbca21e!2s05-850%20O%C5%BCar%C3%B3w%20Mazowiecki!5e0!3m2!1spl!2spl!4v1752777447826!5m2!1spl!2spl\"\n    width=\"100%\"\n    height=\"450\"\n    style=\"border:0; filter: grayscale(100%);\"\n    allowfullscreen=\"\"\n    loading=\"lazy\"\n    referrerpolicy=\"no-referrer-when-downgrade\">\n  <\/iframe>\n<\/div>\n<\/div> -->","protected":false},"excerpt":{"rendered":"","protected":false},"author":1,"featured_media":0,"parent":0,"menu_order":0,"comment_status":"closed","ping_status":"closed","template":"","meta":{"footnotes":""},"class_list":["post-429","page","type-page","status-publish","hentry"],"yoast_head":"<!-- This site is optimized with the Yoast SEO plugin v27.2 - https:\/\/yoast.com\/product\/yoast-seo-wordpress\/ -->\n<title>Consulting - Mohub English<\/title>\n<meta name=\"robots\" content=\"index, follow, max-snippet:-1, max-image-preview:large, max-video-preview:-1\" \/>\n<link rel=\"canonical\" href=\"https:\/\/mohub.eu\/en\/consulting\/\" \/>\n<meta property=\"og:locale\" content=\"en_US\" \/>\n<meta property=\"og:type\" content=\"article\" \/>\n<meta property=\"og:title\" content=\"Consulting - Mohub English\" \/>\n<meta property=\"og:url\" content=\"https:\/\/mohub.eu\/en\/consulting\/\" \/>\n<meta property=\"og:site_name\" content=\"Mohub English\" \/>\n<meta name=\"twitter:card\" content=\"summary_large_image\" \/>\n<script type=\"application\/ld+json\" class=\"yoast-schema-graph\">{\"@context\":\"https:\/\/schema.org\",\"@graph\":[{\"@type\":\"WebPage\",\"@id\":\"https:\/\/mohub.eu\/en\/consulting\/\",\"url\":\"https:\/\/mohub.eu\/en\/consulting\/\",\"name\":\"Consulting - Mohub English\",\"isPartOf\":{\"@id\":\"https:\/\/mohub.eu\/en\/#website\"},\"datePublished\":\"2025-07-17T09:49:27+00:00\",\"breadcrumb\":{\"@id\":\"https:\/\/mohub.eu\/en\/consulting\/#breadcrumb\"},\"inLanguage\":\"en-US\",\"potentialAction\":[{\"@type\":\"ReadAction\",\"target\":[\"https:\/\/mohub.eu\/en\/consulting\/\"]}]},{\"@type\":\"BreadcrumbList\",\"@id\":\"https:\/\/mohub.eu\/en\/consulting\/#breadcrumb\",\"itemListElement\":[{\"@type\":\"ListItem\",\"position\":1,\"name\":\"Strona g\u0142\u00f3wna\",\"item\":\"https:\/\/mohub.eu\/en\/\"},{\"@type\":\"ListItem\",\"position\":2,\"name\":\"Consulting\"}]},{\"@type\":\"WebSite\",\"@id\":\"https:\/\/mohub.eu\/en\/#website\",\"url\":\"https:\/\/mohub.eu\/en\/\",\"name\":\"Mohub English\",\"description\":\"\",\"potentialAction\":[{\"@type\":\"SearchAction\",\"target\":{\"@type\":\"EntryPoint\",\"urlTemplate\":\"https:\/\/mohub.eu\/en\/?s={search_term_string}\"},\"query-input\":{\"@type\":\"PropertyValueSpecification\",\"valueRequired\":true,\"valueName\":\"search_term_string\"}}],\"inLanguage\":\"en-US\"}]}<\/script>\n<!-- \/ Yoast SEO plugin. -->","yoast_head_json":{"title":"Consulting - Mohub English","robots":{"index":"index","follow":"follow","max-snippet":"max-snippet:-1","max-image-preview":"max-image-preview:large","max-video-preview":"max-video-preview:-1"},"canonical":"https:\/\/mohub.eu\/en\/consulting\/","og_locale":"en_US","og_type":"article","og_title":"Consulting - Mohub English","og_url":"https:\/\/mohub.eu\/en\/consulting\/","og_site_name":"Mohub English","twitter_card":"summary_large_image","schema":{"@context":"https:\/\/schema.org","@graph":[{"@type":"WebPage","@id":"https:\/\/mohub.eu\/en\/consulting\/","url":"https:\/\/mohub.eu\/en\/consulting\/","name":"Consulting - Mohub English","isPartOf":{"@id":"https:\/\/mohub.eu\/en\/#website"},"datePublished":"2025-07-17T09:49:27+00:00","breadcrumb":{"@id":"https:\/\/mohub.eu\/en\/consulting\/#breadcrumb"},"inLanguage":"en-US","potentialAction":[{"@type":"ReadAction","target":["https:\/\/mohub.eu\/en\/consulting\/"]}]},{"@type":"BreadcrumbList","@id":"https:\/\/mohub.eu\/en\/consulting\/#breadcrumb","itemListElement":[{"@type":"ListItem","position":1,"name":"Strona g\u0142\u00f3wna","item":"https:\/\/mohub.eu\/en\/"},{"@type":"ListItem","position":2,"name":"Consulting"}]},{"@type":"WebSite","@id":"https:\/\/mohub.eu\/en\/#website","url":"https:\/\/mohub.eu\/en\/","name":"Mohub English","description":"","potentialAction":[{"@type":"SearchAction","target":{"@type":"EntryPoint","urlTemplate":"https:\/\/mohub.eu\/en\/?s={search_term_string}"},"query-input":{"@type":"PropertyValueSpecification","valueRequired":true,"valueName":"search_term_string"}}],"inLanguage":"en-US"}]}},"_links":{"self":[{"href":"https:\/\/mohub.eu\/en\/wp-json\/wp\/v2\/pages\/429","targetHints":{"allow":["GET"]}}],"collection":[{"href":"https:\/\/mohub.eu\/en\/wp-json\/wp\/v2\/pages"}],"about":[{"href":"https:\/\/mohub.eu\/en\/wp-json\/wp\/v2\/types\/page"}],"author":[{"embeddable":true,"href":"https:\/\/mohub.eu\/en\/wp-json\/wp\/v2\/users\/1"}],"replies":[{"embeddable":true,"href":"https:\/\/mohub.eu\/en\/wp-json\/wp\/v2\/comments?post=429"}],"version-history":[{"count":0,"href":"https:\/\/mohub.eu\/en\/wp-json\/wp\/v2\/pages\/429\/revisions"}],"wp:attachment":[{"href":"https:\/\/mohub.eu\/en\/wp-json\/wp\/v2\/media?parent=429"}],"curies":[{"name":"wp","href":"https:\/\/api.w.org\/{rel}","templated":true}]}}