{"id":430,"date":"2025-07-17T09:49:27","date_gmt":"2025-07-17T09:49:27","guid":{"rendered":"https:\/\/mohub.creospacetech.pl\/?page_id=28"},"modified":"2025-07-17T09:49:27","modified_gmt":"2025-07-17T09:49:27","slug":"o-nas","status":"publish","type":"page","link":"https:\/\/mohub.eu\/en\/o-nas\/","title":{"rendered":"O Nas"},"content":{"rendered":"\n<div style=\"height:33px\" aria-hidden=\"true\" class=\"wp-block-spacer\"><\/div>\n\n\n<!-- Template for ACF Block: blok-tesktzfotkapoziomo -->\n<div class=\"blok-tesktzfotkapoziomo text-center container\">\n\n  <h1>MO. Warsaw<\/h1>\n  <hr>\n  <div>\n    <p>Mo. narodzi\u0142o si\u0119 z frustracji i dw\u00f3ch pyta\u0144, na kt\u00f3re nie mogli\u015bmy znale\u017a\u0107 odpowiedzi:<\/p>\n<p>Dlaczego na polskim rynku tak trudno znale\u017a\u0107 catering z prawdziw\u0105 jako\u015bci\u0105 premium? Nie chcieli\u015bmy pi\u0119knych dekoracji przys\u0142aniaj\u0105cych przeci\u0119tne jedzenie \u2013 chcieli\u015bmy prawdziwego smaku. Nie znale\u017ali\u015bmy, wi\u0119c stworzyli\u015bmy w\u0142asny.<\/p>\n<p>Dlaczego po 22:00 jedynym wyborem jest hot dog lub kebab? Otworzyli\u015bmy wi\u0119c sklep internetowy, gdzie znajdziesz nasze produkty sous vide \u2013 zdrowe, smaczne i przygotowane z mi\u0142o\u015bci\u0105 do dobrego jedzenia. Bez konserwant\u00f3w, bez kompromis\u00f3w. (Watch us, coming soon)<\/p>\n<p>Witaj w MoHub \u2013 przestrzeni\u0105, kt\u00f3ra \u0142\u0105czy w sp\u00f3jn\u0105 ca\u0142o\u015b\u0107 wszystkie nasze projekty.<\/p>\n<p>Catering eventowy, kt\u00f3ry zamienia ka\u017cde spotkanie w wydarzenie. Zapomnij o standardowych bufetach \u2013 tworzymy kulinarn\u0105 opraw\u0119, kt\u00f3ra zostaje w pami\u0119ci na d\u0142ugo.<\/p>\n<p>Nasz sklep internetowy, kt\u00f3re zmienia zasady codziennego gotowania. Zdrowe, szybkie i smaczne rozwi\u0105zania, dzi\u0119ki kt\u00f3rym wyczarujesz restauracyjne danie w kilka chwil \u2013 bez wysi\u0142ku i ba\u0142aganu. Znajdziesz w nim te\u017c smaki z naszych podr\u00f3\u017cy, kt\u00f3re przenios\u0105 Ci\u0119 w inny \u015bwiat. Testujemy, odkrywamy i dzielimy si\u0119 tym, co najlepsze.<\/p>\n<p>Witaj w MoHub \u2013 przestrzeni\u0105, kt\u00f3ra \u0142\u0105czy w sp\u00f3jn\u0105 ca\u0142o\u015b\u0107 wszystkie nasze projekty.<\/p>\n<p>Mo time, Mo fun.<\/p>\n  <\/div>\n\n  <a class=\"btn fs-6 rounded-0 text-black text-uppercase border-bottom border-2 text-end mt-2 px-4 ps-0\"\n     href=\"https:\/\/mohub.eu\/portfolio\/\">\n    Zobacz nasze realizacje  <\/a>\n\n  <img decoding=\"async\" src=\"https:\/\/mohub.eu\/en\/wp-content\/uploads\/sites\/3\/2025\/07\/WhatsApp-Image-2025-07-23-at-20.17.36-Large.jpeg\" class=\"fotka\" alt=\"\">\n\n<\/div>\n\n\n<!-- Template for ACF Block: slider-karuzeli -->\n <div class=\"karuzelalogotypy pb-5  border-1 border-bottom border-black mt-5 py-5\">\n  <div class=\"container roztlo rounded-5 p-5\">\n\n    <!-- Nag\u0142\u00f3wek -->\n    <h2 class=\"text-center text-uppercase mb-5\"   data-aos-delay=\"100\">\n      Nasi kontrahenci    <\/h2>\n\n    <!-- Slider Swiper -->\n    <div class=\"swiper mySwiper mt-5\"  data-aos-delay=\"300\">\n      <div class=\"swiper-wrapper align-items-center\">\n                              <div class=\"swiper-slide d-flex justify-content-center align-items-center\">\n              <img decoding=\"async\" src=\"\" alt=\"Logo partnera\" class=\"img-fluid\" style=\"max-height: 80px;\">\n            <\/div>\n                      <div class=\"swiper-slide d-flex justify-content-center align-items-center\">\n              <img decoding=\"async\" src=\"\" alt=\"Logo partnera\" class=\"img-fluid\" style=\"max-height: 80px;\">\n            <\/div>\n                      <div class=\"swiper-slide d-flex justify-content-center align-items-center\">\n              <img decoding=\"async\" src=\"\" alt=\"Logo partnera\" class=\"img-fluid\" style=\"max-height: 80px;\">\n            <\/div>\n                      <div class=\"swiper-slide d-flex justify-content-center align-items-center\">\n              <img decoding=\"async\" src=\"\" alt=\"Logo partnera\" class=\"img-fluid\" style=\"max-height: 80px;\">\n            <\/div>\n                      <div class=\"swiper-slide d-flex justify-content-center align-items-center\">\n              <img decoding=\"async\" src=\"\" alt=\"Logo partnera\" class=\"img-fluid\" style=\"max-height: 80px;\">\n            <\/div>\n                      <div class=\"swiper-slide d-flex justify-content-center align-items-center\">\n              <img decoding=\"async\" src=\"\" alt=\"Logo partnera\" class=\"img-fluid\" style=\"max-height: 80px;\">\n            <\/div>\n                      <div class=\"swiper-slide d-flex justify-content-center align-items-center\">\n              <img decoding=\"async\" src=\"\" alt=\"Logo partnera\" class=\"img-fluid\" style=\"max-height: 80px;\">\n            <\/div>\n                      <div class=\"swiper-slide d-flex justify-content-center align-items-center\">\n              <img decoding=\"async\" src=\"\" alt=\"Logo partnera\" class=\"img-fluid\" style=\"max-height: 80px;\">\n            <\/div>\n                        <\/div>\n    <\/div>\n\n  <\/div>\n<\/div>\n\n<script>\n  document.addEventListener(\"DOMContentLoaded\", function () {\n    console.log(\"DOM loaded, initializing Swiper\");\n\n    new Swiper('.mySwiper', {\n      loop: true,\n      speed: 10000, \/\/ very high speed for continuous feel\n      spaceBetween: 40,\n      autoplay: {\n        delay: 0,\n        disableOnInteraction: false,\n        pauseOnMouseEnter: true \/\/ pauses on mouse hover\n      },\n      freeMode: {\n        enabled: true,         \/\/ allow continuous motion\n        momentum: false        \/\/ disables slide momentum, makes it linear\n      },\n      allowTouchMove: true,\n      grabCursor: true,\n      slidesPerView: 'auto',  \/\/ let it slide naturally\n      breakpoints: {\n        0: {\n          slidesPerView: 2\n        },\n        768: {\n          slidesPerView: 3\n        },\n        992: {\n          slidesPerView: 4\n        },\n        1200: {\n          slidesPerView: 5\n        }\n      }\n    });\n\n    console.log(\"Swiper initialized\");\n  });\n<\/script>\n\n\n\n<div style=\"height:100px\" aria-hidden=\"true\" class=\"wp-block-spacer\"><\/div>\n\n\n<div class=\"przerywnik d-flex align-items-center justify-content-end container position-relative\" style=\"height: 500px;\">\n\n  <img decoding=\"async\" src=\"\" class=\"\n    position-absolute\n    w-100\n    h-100\n    object-fit-cover\n    z-0\n    start-0\n    top-0\n    filter\n  \" alt=\"\">\n\n  <div class=\"nakldka position-absolute w-100 h-100 start-0 top-0 z-1\"><\/div>\n\n  <div class=\"text-end pe-0 pe-md-5 py-5 z-3 text-white col-md-8\">\n    <h2 class=\"text-uppercase\">W MoHub nie szkolimy, dla samego szkolenia.  <\/h2>\n    <div>Pomagamy budowa\u0107 przewag\u0119, kt\u00f3ra przek\u0142ada si\u0119 na realny sukces, a kluczem jest zrozumienie materii i proces\u00f3w z kt\u00f3r\u0105 pracujemy Chcesz wiedzie\u0107, jak mo\u017cemy wzmocni\u0107 Tw\u00f3j biznes?   Um\u00f3w si\u0119 na rozmow\u0119 i poznaj nasz spos\u00f3b na gastronomi\u0119 przysz\u0142o\u015bci.<\/div>\n    <a href=\"https:\/\/mohub.eu\/kontakt\/\" class=\"btn rounded-0 ps-5 pe-0 text-white border-bottom mt-3\">\n      Kontakt    <\/a>\n  <\/div>\n\n<\/div>\n\n\n\n<div style=\"height:161px\" aria-hidden=\"true\" class=\"wp-block-spacer\"><\/div>\n\n\n<!-- Template for ACF Block: kontakt -->\n<div   class=\"kontakt container\">\n\t<div class=\"row w-100 m-auto\">\n\t\t<div class=\"col-xl-2 position-relative\">\n\t\t\t<h2   class=\"titlekontakt fw-medium\">Kontakt<\/h2> \n\t\t<\/div>\n\t\t<div class=\"col-xl-5 px-0 pb-5 pb-md-0 px-md-5 ms-md-0\">\n\t\t\t<h3   class=\"fs-2 fw-light\">Skontaktuj si\u0119 z nami<\/h3>\n\n\t\t\t<ul class=\"mx-0 czarny px-0 mt-5 list-unstyled\">\n\t\t\t\t\t\t\t\t\t\t\t\t\t\t\t<li   class=\"mb-1\">\n\t\t\t\t\t\t\t<a href=\"mailto:biuro@mohub.pl\" class=\"text-black text-decoration-none fs-5\">\n\t\t\t\t\t\t\t\tbiuro@mohub.pl\t\t\t\t\t\t\t<\/a>\n\t\t\t\t\t\t<\/li>\n\t\t\t\t\t\t\t\t\t\t\t<li   class=\"mb-1\">\n\t\t\t\t\t\t\t<a href=\"mailto:+48 696 530 766\" class=\"text-black text-decoration-none fs-5\">\n\t\t\t\t\t\t\t\t+48 696 530 766\t\t\t\t\t\t\t<\/a>\n\t\t\t\t\t\t<\/li>\n\t\t\t\t\t\t\t\t\t\n\t\t\t\t\t\t\t\t\t\t\t\t\t\t\t<li  >\n\t\t\t\t\t\t\t<a href=\"tel:\" class=\"text-black text-decoration-none fs-5\">\n\t\t\t\t\t\t\t\t\t\t\t\t\t\t\t<\/a>\n\t\t\t\t\t\t<\/li>\n\t\t\t\t\t\t\t\t\t\t\t\t<\/ul>\n\n\t\t\t<p   class=\"fs-5 mt-5 fw-light\">\n\t\t\t\t \t\t\t<\/p>\n\n\t\t\t<div class=\"socials d-flex justify-content-start align-items-center\">\n\t\t\t\t\t\t\t<\/div>\n\t\t<\/div>\n\n\t\t<div class=\"col-xl-5\">\n\t\t\t[contact-form-7 id=&#8221;bf40f87&#8243; title=&#8221;Contact form 1&#8243;]\t\t<\/div>\n\t<\/div>\n<\/div>\n\n<!-- \n\n<div class=\"mapa py-5 mt-5\">\n\n<div class=\"map-container\">\n  <iframe\n    src=\"https:\/\/www.google.com\/maps\/embed?pb=!1m18!1m12!1m3!1d19557.05553175033!2d20.8029462!3d52.21373575!2m3!1f0!2f0!3f0!3m2!1i1024!2i768!4f13.1!3m3!1m2!1s0x47194a949347aed7%3A0x32dc923ebfbca21e!2s05-850%20O%C5%BCar%C3%B3w%20Mazowiecki!5e0!3m2!1spl!2spl!4v1752777447826!5m2!1spl!2spl\"\n    width=\"100%\"\n    height=\"450\"\n    style=\"border:0; filter: grayscale(100%);\"\n    allowfullscreen=\"\"\n    loading=\"lazy\"\n    referrerpolicy=\"no-referrer-when-downgrade\">\n  <\/iframe>\n<\/div>\n<\/div> -->","protected":false},"excerpt":{"rendered":"","protected":false},"author":1,"featured_media":0,"parent":0,"menu_order":0,"comment_status":"closed","ping_status":"closed","template":"","meta":{"footnotes":""},"class_list":["post-430","page","type-page","status-publish","hentry"],"yoast_head":"<!-- This site is optimized with the Yoast SEO plugin v27.2 - https:\/\/yoast.com\/product\/yoast-seo-wordpress\/ -->\n<title>O Nas - Mohub English<\/title>\n<meta name=\"robots\" content=\"index, follow, max-snippet:-1, max-image-preview:large, max-video-preview:-1\" \/>\n<link rel=\"canonical\" href=\"https:\/\/mohub.eu\/en\/o-nas\/\" \/>\n<meta property=\"og:locale\" content=\"en_US\" \/>\n<meta property=\"og:type\" content=\"article\" \/>\n<meta property=\"og:title\" content=\"O Nas - Mohub English\" \/>\n<meta property=\"og:url\" content=\"https:\/\/mohub.eu\/en\/o-nas\/\" \/>\n<meta property=\"og:site_name\" content=\"Mohub English\" \/>\n<meta name=\"twitter:card\" content=\"summary_large_image\" \/>\n<script type=\"application\/ld+json\" class=\"yoast-schema-graph\">{\"@context\":\"https:\/\/schema.org\",\"@graph\":[{\"@type\":\"WebPage\",\"@id\":\"https:\/\/mohub.eu\/en\/o-nas\/\",\"url\":\"https:\/\/mohub.eu\/en\/o-nas\/\",\"name\":\"O Nas - Mohub English\",\"isPartOf\":{\"@id\":\"https:\/\/mohub.eu\/en\/#website\"},\"datePublished\":\"2025-07-17T09:49:27+00:00\",\"breadcrumb\":{\"@id\":\"https:\/\/mohub.eu\/en\/o-nas\/#breadcrumb\"},\"inLanguage\":\"en-US\",\"potentialAction\":[{\"@type\":\"ReadAction\",\"target\":[\"https:\/\/mohub.eu\/en\/o-nas\/\"]}]},{\"@type\":\"BreadcrumbList\",\"@id\":\"https:\/\/mohub.eu\/en\/o-nas\/#breadcrumb\",\"itemListElement\":[{\"@type\":\"ListItem\",\"position\":1,\"name\":\"Strona g\u0142\u00f3wna\",\"item\":\"https:\/\/mohub.eu\/en\/\"},{\"@type\":\"ListItem\",\"position\":2,\"name\":\"O Nas\"}]},{\"@type\":\"WebSite\",\"@id\":\"https:\/\/mohub.eu\/en\/#website\",\"url\":\"https:\/\/mohub.eu\/en\/\",\"name\":\"Mohub English\",\"description\":\"\",\"potentialAction\":[{\"@type\":\"SearchAction\",\"target\":{\"@type\":\"EntryPoint\",\"urlTemplate\":\"https:\/\/mohub.eu\/en\/?s={search_term_string}\"},\"query-input\":{\"@type\":\"PropertyValueSpecification\",\"valueRequired\":true,\"valueName\":\"search_term_string\"}}],\"inLanguage\":\"en-US\"}]}<\/script>\n<!-- \/ Yoast SEO plugin. -->","yoast_head_json":{"title":"O Nas - Mohub English","robots":{"index":"index","follow":"follow","max-snippet":"max-snippet:-1","max-image-preview":"max-image-preview:large","max-video-preview":"max-video-preview:-1"},"canonical":"https:\/\/mohub.eu\/en\/o-nas\/","og_locale":"en_US","og_type":"article","og_title":"O Nas - Mohub English","og_url":"https:\/\/mohub.eu\/en\/o-nas\/","og_site_name":"Mohub English","twitter_card":"summary_large_image","schema":{"@context":"https:\/\/schema.org","@graph":[{"@type":"WebPage","@id":"https:\/\/mohub.eu\/en\/o-nas\/","url":"https:\/\/mohub.eu\/en\/o-nas\/","name":"O Nas - Mohub English","isPartOf":{"@id":"https:\/\/mohub.eu\/en\/#website"},"datePublished":"2025-07-17T09:49:27+00:00","breadcrumb":{"@id":"https:\/\/mohub.eu\/en\/o-nas\/#breadcrumb"},"inLanguage":"en-US","potentialAction":[{"@type":"ReadAction","target":["https:\/\/mohub.eu\/en\/o-nas\/"]}]},{"@type":"BreadcrumbList","@id":"https:\/\/mohub.eu\/en\/o-nas\/#breadcrumb","itemListElement":[{"@type":"ListItem","position":1,"name":"Strona g\u0142\u00f3wna","item":"https:\/\/mohub.eu\/en\/"},{"@type":"ListItem","position":2,"name":"O Nas"}]},{"@type":"WebSite","@id":"https:\/\/mohub.eu\/en\/#website","url":"https:\/\/mohub.eu\/en\/","name":"Mohub English","description":"","potentialAction":[{"@type":"SearchAction","target":{"@type":"EntryPoint","urlTemplate":"https:\/\/mohub.eu\/en\/?s={search_term_string}"},"query-input":{"@type":"PropertyValueSpecification","valueRequired":true,"valueName":"search_term_string"}}],"inLanguage":"en-US"}]}},"_links":{"self":[{"href":"https:\/\/mohub.eu\/en\/wp-json\/wp\/v2\/pages\/430","targetHints":{"allow":["GET"]}}],"collection":[{"href":"https:\/\/mohub.eu\/en\/wp-json\/wp\/v2\/pages"}],"about":[{"href":"https:\/\/mohub.eu\/en\/wp-json\/wp\/v2\/types\/page"}],"author":[{"embeddable":true,"href":"https:\/\/mohub.eu\/en\/wp-json\/wp\/v2\/users\/1"}],"replies":[{"embeddable":true,"href":"https:\/\/mohub.eu\/en\/wp-json\/wp\/v2\/comments?post=430"}],"version-history":[{"count":0,"href":"https:\/\/mohub.eu\/en\/wp-json\/wp\/v2\/pages\/430\/revisions"}],"wp:attachment":[{"href":"https:\/\/mohub.eu\/en\/wp-json\/wp\/v2\/media?parent=430"}],"curies":[{"name":"wp","href":"https:\/\/api.w.org\/{rel}","templated":true}]}}