{"id":82,"date":"2025-07-23T17:23:51","date_gmt":"2025-07-23T17:23:51","guid":{"rendered":"https:\/\/mohub.creospacetech.pl\/?page_id=82"},"modified":"2025-07-23T17:23:51","modified_gmt":"2025-07-23T17:23:51","slug":"formularz-cateringowy","status":"publish","type":"page","link":"https:\/\/mohub.eu\/en\/formularz-cateringowy\/","title":{"rendered":"Formularz cateringowy"},"content":{"rendered":"<!-- Template for ACF Block: formularz -->\n<div class=\"formularz\">\n  <div class=\"container-lg py-5\">\n\n  \n\n\n  <form id=\"cateringForm\" method=\"post\" action=\"\">\n  <input type=\"hidden\" name=\"catering_form_submitted\" value=\"1\">\n  <input type=\"hidden\" id=\"catering_form_nonce\" name=\"catering_form_nonce\" value=\"23f7633cf5\" \/><input type=\"hidden\" name=\"_wp_http_referer\" value=\"\/en\/wp-json\/wp\/v2\/pages\/82\" \/>      \n      <h2 class=\"mb-5 pb-4 w-100 text-uppercase text-center\">Brief Cateringowy<\/h2>\n      <div class=\"mt-4\">\n        <p class=\"text-muted\"><span class=\"text-danger\">*<\/span> &#8211; pola obowi\u0105zkowe<\/p>\n      <\/div>\n      <div class=\"row gx-4 gy-4\">\n        \n        <div class=\"col-md-6 px-2\">\n          <label for=\"fname\" class=\"form-label\">Imi\u0119 <span class=\"text-danger\">*<\/span><\/label>\n          <input type=\"text\" class=\"form-control\" id=\"fname\" name=\"fname\" maxlength=\"50\" required>\n        <\/div>\n        <div class=\"col-md-6 px-2\">\n          <label for=\"lname\" class=\"form-label\">Nazwisko <span class=\"text-danger\">*<\/span><\/label>\n          <input type=\"text\" class=\"form-control\" id=\"lname\" name=\"lname\" maxlength=\"50\" required>\n        <\/div>\n        <div class=\"col-md-6 px-2\">\n          <label for=\"email\" class=\"form-label\">Email <span class=\"text-danger\">*<\/span><\/label>\n          <input type=\"email\" class=\"form-control\" id=\"email\" name=\"email\" required>\n        <\/div>\n        <div class=\"col-md-6 px-2\">\n          <label for=\"phone\" class=\"form-label\">Numer kontaktowy <span class=\"text-danger\">*<\/span><\/label>\n          <input type=\"tel\" class=\"form-control\" id=\"phone\" name=\"phone\" pattern=\"[\\d\\s\\+\\-]{7,15}\" maxlength=\"15\" required>\n        <\/div>\n\n        <div class=\"col-md-6 px-2\">\n          <label for=\"firma\" class=\"form-label\">Nazwa firmy<\/label>\n          <input type=\"text\" class=\"form-control\" id=\"firma\" name=\"firma\" maxlength=\"100\">\n        <\/div>\n        <div class=\"col-md-6 px-2\">\n          <label for=\"nip\" class=\"form-label\">Numer NIP<\/label>\n          <input type=\"text\" class=\"form-control\" id=\"nip\" name=\"nip\" pattern=\"\\d{10}\" maxlength=\"10\" title=\"NIP musi sk\u0142ada\u0107 si\u0119 z 10 cyfr\">\n        <\/div>\n\n        <div class=\"col-md-6 px-2\">\n          <label for=\"event_date\" class=\"form-label\">Data eventu <span class=\"text-danger\">*<\/span><\/label>\n          <input type=\"date\" class=\"form-control\" id=\"event_date\" name=\"event_date\" min=\"2026-05-17\" required>\n        <\/div>\n        <div class=\"col-md-6 px-2\">\n          <label for=\"location\" class=\"form-label\">Miejsce <span class=\"text-danger\">*<\/span><\/label>\n          <input type=\"text\" class=\"form-control\" id=\"location\" name=\"location\" maxlength=\"200\" required>\n        <\/div>\n        <div class=\"col-md-6 px-2\">\n          <label class=\"form-label\">Godziny trwania<\/label>\n          <div class=\"d-flex gap-2\">\n            <input type=\"time\" class=\"form-control\" name=\"time_from\">\n            <span class=\"pt-2\">do<\/span>\n            <input type=\"time\" class=\"form-control\" name=\"time_to\">\n          <\/div>\n        <\/div>\n        <div class=\"col-md-6 px-2\">\n          <label for=\"ready_time\" class=\"form-label\">Gotowo\u015b\u0107 (godzina)<\/label>\n          <input type=\"time\" class=\"form-control\" id=\"ready_time\" name=\"ready_time\">\n        <\/div>\n        <div class=\"col-md-6 px-2\">\n          <label for=\"guests\" class=\"form-label\">Ilo\u015b\u0107 go\u015bci <span class=\"text-danger\">*<\/span><\/label>\n          <input type=\"number\" class=\"form-control\" id=\"guests\" name=\"guests\" min=\"1\" max=\"10000\" required>\n        <\/div>\n        <div class=\"col-md-6 px-2\">\n          <label for=\"budzet\" class=\"form-label\">Planowany bud\u017cet <span class=\"text-danger\">*<\/span><\/label>\n          <input type=\"number\" class=\"form-control\" id=\"budzet\" name=\"budzet\" min=\"0\" step=\"1\" required>\n        <\/div>\n        <div class=\"col-md-6 px-2\">\n          <label class=\"form-label d-block\">Zaplecze kuchenne na miejscu<\/label>\n          <div class=\"form-check form-check-inline\">\n            <input class=\"form-check-input\" type=\"radio\" name=\"kitchen\" value=\"tak\" id=\"kitchenYes\">\n            <label class=\"form-check-label\" for=\"kitchenYes\">Tak<\/label>\n          <\/div>\n          <div class=\"form-check form-check-inline\">\n            <input class=\"form-check-input\" type=\"radio\" name=\"kitchen\" value=\"nie\" id=\"kitchenNo\">\n            <label class=\"form-check-label\" for=\"kitchenNo\">Nie<\/label>\n          <\/div>\n        <\/div>\n      <\/div>\n\n      <hr class=\"my-5\">\n\n      <h3 class=\"mb-4\">Menu<\/h3>\n      <div class=\"row gx-4 gy-3\">\n                  <div class=\"col-12\">\n            <div class=\"row align-items-center gx-4 gy-2\">\n              <div class=\"col-md-4\">\n                <div class=\"form-check\">\n                  <input class=\"form-check-input\" type=\"checkbox\" id=\"breakfast\" name=\"breakfast\">\n                  <label class=\"form-check-label\" for=\"breakfast\">\u015aniadanie<\/label>\n                <\/div>\n              <\/div>\n                            <div class=\"col-md-4\">\n                <input type=\"number\" class=\"form-control\" name=\"breakfast_qty\" placeholder=\"Ilo\u015b\u0107 porcji\/os\" min=\"0\" max=\"10000\">\n              <\/div>\n                          <\/div>\n          <\/div>\n                  <div class=\"col-12\">\n            <div class=\"row align-items-center gx-4 gy-2\">\n              <div class=\"col-md-4\">\n                <div class=\"form-check\">\n                  <input class=\"form-check-input\" type=\"checkbox\" id=\"fingerfood\" name=\"fingerfood\">\n                  <label class=\"form-check-label\" for=\"fingerfood\">Fingerfoody<\/label>\n                <\/div>\n              <\/div>\n                            <div class=\"col-md-4\">\n                <input type=\"number\" class=\"form-control\" name=\"fingerfood_qty\" placeholder=\"Ilo\u015b\u0107 porcji\/os\" min=\"0\" max=\"10000\">\n              <\/div>\n                          <\/div>\n          <\/div>\n                  <div class=\"col-12\">\n            <div class=\"row align-items-center gx-4 gy-2\">\n              <div class=\"col-md-4\">\n                <div class=\"form-check\">\n                  <input class=\"form-check-input\" type=\"checkbox\" id=\"hot_dinner\" name=\"hot_dinner\">\n                  <label class=\"form-check-label\" for=\"hot_dinner\">Obiad na ciep\u0142o<\/label>\n                <\/div>\n              <\/div>\n                            <div class=\"col-md-4\">\n                <input type=\"number\" class=\"form-control\" name=\"hot_dinner_qty\" placeholder=\"Ilo\u015b\u0107 porcji\/os\" min=\"0\" max=\"10000\">\n              <\/div>\n                          <\/div>\n          <\/div>\n                  <div class=\"col-12\">\n            <div class=\"row align-items-center gx-4 gy-2\">\n              <div class=\"col-md-4\">\n                <div class=\"form-check\">\n                  <input class=\"form-check-input\" type=\"checkbox\" id=\"lunchbox\" name=\"lunchbox\">\n                  <label class=\"form-check-label\" for=\"lunchbox\">Lunchbox<\/label>\n                <\/div>\n              <\/div>\n                            <div class=\"col-md-4\">\n                <input type=\"number\" class=\"form-control\" name=\"lunchbox_qty\" placeholder=\"Ilo\u015b\u0107 porcji\/os\" min=\"0\" max=\"10000\">\n              <\/div>\n                          <\/div>\n          <\/div>\n                  <div class=\"col-12\">\n            <div class=\"row align-items-center gx-4 gy-2\">\n              <div class=\"col-md-4\">\n                <div class=\"form-check\">\n                  <input class=\"form-check-input\" type=\"checkbox\" id=\"dessert\" name=\"dessert\">\n                  <label class=\"form-check-label\" for=\"dessert\">Desery \/ s\u0142odki st\u00f3\u0142<\/label>\n                <\/div>\n              <\/div>\n                            <div class=\"col-md-4\">\n                <input type=\"number\" class=\"form-control\" name=\"dessert_qty\" placeholder=\"Ilo\u015b\u0107 porcji\/os\" min=\"0\" max=\"10000\">\n              <\/div>\n                          <\/div>\n          <\/div>\n        \n        <div class=\"col-12\">\n          <label for=\"menu_other\" class=\"form-label\">Inna opcja<\/label>\n          <textarea class=\"form-control\" id=\"menu_other\" name=\"menu_other\" rows=\"3\" maxlength=\"1000\"><\/textarea>\n        <\/div>\n      <\/div>\n\n      <hr class=\"my-5\">\n\n      <h3 class=\"mb-4\">Us\u0142ugi dodatkowe<\/h3>\n      <div class=\"row gx-4 gy-3\">\n                    <div class=\"col-md-4\">\n              <label class=\"form-label d-block\">Obs\u0142uga kelnerska<\/label>\n              <div class=\"form-check form-check-inline\">\n                <input class=\"form-check-input\" type=\"radio\" name=\"waiter\" value=\"tak\" id=\"waiterYes\">\n                <label class=\"form-check-label\" for=\"waiterYes\">Tak<\/label>\n              <\/div>\n              <div class=\"form-check form-check-inline\">\n                <input class=\"form-check-input\" type=\"radio\" name=\"waiter\" value=\"nie\" id=\"waiterNo\">\n                <label class=\"form-check-label\" for=\"waiterNo\">Nie<\/label>\n              <\/div>\n            <\/div>\n                    <div class=\"col-md-4\">\n              <label class=\"form-label d-block\">Dostawa<\/label>\n              <div class=\"form-check form-check-inline\">\n                <input class=\"form-check-input\" type=\"radio\" name=\"delivery\" value=\"tak\" id=\"deliveryYes\">\n                <label class=\"form-check-label\" for=\"deliveryYes\">Tak<\/label>\n              <\/div>\n              <div class=\"form-check form-check-inline\">\n                <input class=\"form-check-input\" type=\"radio\" name=\"delivery\" value=\"nie\" id=\"deliveryNo\">\n                <label class=\"form-check-label\" for=\"deliveryNo\">Nie<\/label>\n              <\/div>\n            <\/div>\n                    <div class=\"col-md-4\">\n              <label class=\"form-label d-block\">Wynajem mebli (sto\u0142y, krzes\u0142a)<\/label>\n              <div class=\"form-check form-check-inline\">\n                <input class=\"form-check-input\" type=\"radio\" name=\"furniture\" value=\"tak\" id=\"furnitureYes\">\n                <label class=\"form-check-label\" for=\"furnitureYes\">Tak<\/label>\n              <\/div>\n              <div class=\"form-check form-check-inline\">\n                <input class=\"form-check-input\" type=\"radio\" name=\"furniture\" value=\"nie\" id=\"furnitureNo\">\n                <label class=\"form-check-label\" for=\"furnitureNo\">Nie<\/label>\n              <\/div>\n            <\/div>\n        \n        <div class=\"col-12\">\n          <label for=\"extra_comment\" class=\"form-label\">Komentarz<\/label>\n          <textarea class=\"form-control\" id=\"extra_comment\" name=\"extra_comment\" rows=\"3\" maxlength=\"1000\"><\/textarea>\n        <\/div>\n      <\/div>\n\n      <hr class=\"my-5\">\n\n      <h3 class=\"mb-4\">Bar<\/h3>\n      <div class=\"row gx-4 gy-4\">\n        <div class=\"col-md-6\">\n          <label class=\"form-label d-block\">Bar<\/label>\n          <div class=\"form-check form-check-inline\">\n            <input class=\"form-check-input\" type=\"radio\" name=\"bar\" value=\"tak\" id=\"barYes\">\n            <label class=\"form-check-label\" for=\"barYes\">Tak<\/label>\n          <\/div>\n          <div class=\"form-check form-check-inline\">\n            <input class=\"form-check-input\" type=\"radio\" name=\"bar\" value=\"nie\" id=\"barNo\">\n            <label class=\"form-check-label\" for=\"barNo\">Nie<\/label>\n          <\/div>\n        <\/div>\n\n                    <div class=\"col-md-6 px-2\">\n              <label for=\"white_wine\" class=\"form-label\">Wino bia\u0142e<\/label>\n              <input type=\"number\" class=\"form-control\" id=\"white_wine\" name=\"white_wine_qty\" placeholder=\"Ilo\u015b\u0107 porcji\/os\" min=\"0\" max=\"10000\">\n            <\/div>\n                    <div class=\"col-md-6 px-2\">\n              <label for=\"red_wine\" class=\"form-label\">Wino czerwone<\/label>\n              <input type=\"number\" class=\"form-control\" id=\"red_wine\" name=\"red_wine_qty\" placeholder=\"Ilo\u015b\u0107 porcji\/os\" min=\"0\" max=\"10000\">\n            <\/div>\n                    <div class=\"col-md-6 px-2\">\n              <label for=\"sparkling_wine\" class=\"form-label\">Wino musuj\u0105ce<\/label>\n              <input type=\"number\" class=\"form-control\" id=\"sparkling_wine\" name=\"sparkling_wine_qty\" placeholder=\"Ilo\u015b\u0107 porcji\/os\" min=\"0\" max=\"10000\">\n            <\/div>\n                    <div class=\"col-md-6 px-2\">\n              <label for=\"welcome_drink\" class=\"form-label\">Welcome drink<\/label>\n              <input type=\"number\" class=\"form-control\" id=\"welcome_drink\" name=\"welcome_drink_qty\" placeholder=\"Ilo\u015b\u0107 porcji\/os\" min=\"0\" max=\"10000\">\n            <\/div>\n                    <div class=\"col-md-6 px-2\">\n              <label for=\"cocktails\" class=\"form-label\">Koktajle<\/label>\n              <input type=\"number\" class=\"form-control\" id=\"cocktails\" name=\"cocktails_qty\" placeholder=\"Ilo\u015b\u0107 porcji\/os\" min=\"0\" max=\"10000\">\n            <\/div>\n        \n        <div class=\"col-md-6 px-2\">\n          <label class=\"form-label d-block\">Alkohole mocne<\/label>\n          <div class=\"form-check form-check-inline\">\n            <input class=\"form-check-input\" type=\"radio\" name=\"strong_alcohol\" value=\"tak\" id=\"strongYes\">\n            <label class=\"form-check-label\" for=\"strongYes\">Tak<\/label>\n          <\/div>\n          <div class=\"form-check form-check-inline\">\n            <input class=\"form-check-input\" type=\"radio\" name=\"strong_alcohol\" value=\"nie\" id=\"strongNo\">\n            <label class=\"form-check-label\" for=\"strongNo\">Nie<\/label>\n          <\/div>\n        <\/div>\n\n        <div class=\"col-md-6 px-2\">\n          <label class=\"form-label d-block\">Wynajem baru?<\/label>\n          <div class=\"form-check form-check-inline\">\n            <input class=\"form-check-input\" type=\"radio\" name=\"bar_rental\" value=\"tak\" id=\"barRentalYes\">\n            <label class=\"form-check-label\" for=\"barRentalYes\">Tak<\/label>\n          <\/div>\n          <div class=\"form-check form-check-inline\">\n            <input class=\"form-check-input\" type=\"radio\" name=\"bar_rental\" value=\"nie\" id=\"barRentalNo\">\n            <label class=\"form-check-label\" for=\"barRentalNo\">Nie<\/label>\n          <\/div>\n        <\/div>\n\n        <div class=\"col-12\">\n          <label for=\"bar_comment\" class=\"form-label\">Komentarz<\/label>\n          <textarea class=\"form-control\" id=\"bar_comment\" name=\"bar_comment\" rows=\"3\" maxlength=\"1000\"><\/textarea>\n        <\/div>\n      <\/div>\n\n   \n\n      <div class=\"mt-4 text-center\">\n        <button type=\"submit\" class=\"btn btn-dark px-5 py-2\">Wy\u015blij zapytanie<\/button>\n      <\/div>\n    <\/form>\n  <\/div>\n<\/div>\n","protected":false},"excerpt":{"rendered":"","protected":false},"author":1,"featured_media":0,"parent":0,"menu_order":0,"comment_status":"closed","ping_status":"closed","template":"","meta":{"footnotes":""},"class_list":["post-82","page","type-page","status-publish","hentry"],"yoast_head":"<!-- This site is optimized with the Yoast SEO plugin v27.2 - https:\/\/yoast.com\/product\/yoast-seo-wordpress\/ -->\n<title>Formularz cateringowy - Mohub English<\/title>\n<meta name=\"robots\" content=\"index, follow, max-snippet:-1, max-image-preview:large, max-video-preview:-1\" \/>\n<link rel=\"canonical\" href=\"https:\/\/mohub.eu\/en\/formularz-cateringowy\/\" \/>\n<meta property=\"og:locale\" content=\"en_US\" \/>\n<meta property=\"og:type\" content=\"article\" \/>\n<meta property=\"og:title\" content=\"Formularz cateringowy - Mohub English\" \/>\n<meta property=\"og:url\" content=\"https:\/\/mohub.eu\/en\/formularz-cateringowy\/\" \/>\n<meta property=\"og:site_name\" content=\"Mohub English\" \/>\n<meta name=\"twitter:card\" content=\"summary_large_image\" \/>\n<script type=\"application\/ld+json\" class=\"yoast-schema-graph\">{\"@context\":\"https:\/\/schema.org\",\"@graph\":[{\"@type\":\"WebPage\",\"@id\":\"https:\/\/mohub.eu\/en\/formularz-cateringowy\/\",\"url\":\"https:\/\/mohub.eu\/en\/formularz-cateringowy\/\",\"name\":\"Formularz cateringowy - Mohub English\",\"isPartOf\":{\"@id\":\"https:\/\/mohub.eu\/en\/#website\"},\"datePublished\":\"2025-07-23T17:23:51+00:00\",\"breadcrumb\":{\"@id\":\"https:\/\/mohub.eu\/en\/formularz-cateringowy\/#breadcrumb\"},\"inLanguage\":\"en-US\",\"potentialAction\":[{\"@type\":\"ReadAction\",\"target\":[\"https:\/\/mohub.eu\/en\/formularz-cateringowy\/\"]}]},{\"@type\":\"BreadcrumbList\",\"@id\":\"https:\/\/mohub.eu\/en\/formularz-cateringowy\/#breadcrumb\",\"itemListElement\":[{\"@type\":\"ListItem\",\"position\":1,\"name\":\"Strona g\u0142\u00f3wna\",\"item\":\"https:\/\/mohub.eu\/en\/\"},{\"@type\":\"ListItem\",\"position\":2,\"name\":\"Formularz cateringowy\"}]},{\"@type\":\"WebSite\",\"@id\":\"https:\/\/mohub.eu\/en\/#website\",\"url\":\"https:\/\/mohub.eu\/en\/\",\"name\":\"Mohub English\",\"description\":\"\",\"potentialAction\":[{\"@type\":\"SearchAction\",\"target\":{\"@type\":\"EntryPoint\",\"urlTemplate\":\"https:\/\/mohub.eu\/en\/?s={search_term_string}\"},\"query-input\":{\"@type\":\"PropertyValueSpecification\",\"valueRequired\":true,\"valueName\":\"search_term_string\"}}],\"inLanguage\":\"en-US\"}]}<\/script>\n<!-- \/ Yoast SEO plugin. -->","yoast_head_json":{"title":"Formularz cateringowy - Mohub English","robots":{"index":"index","follow":"follow","max-snippet":"max-snippet:-1","max-image-preview":"max-image-preview:large","max-video-preview":"max-video-preview:-1"},"canonical":"https:\/\/mohub.eu\/en\/formularz-cateringowy\/","og_locale":"en_US","og_type":"article","og_title":"Formularz cateringowy - Mohub English","og_url":"https:\/\/mohub.eu\/en\/formularz-cateringowy\/","og_site_name":"Mohub English","twitter_card":"summary_large_image","schema":{"@context":"https:\/\/schema.org","@graph":[{"@type":"WebPage","@id":"https:\/\/mohub.eu\/en\/formularz-cateringowy\/","url":"https:\/\/mohub.eu\/en\/formularz-cateringowy\/","name":"Formularz cateringowy - Mohub English","isPartOf":{"@id":"https:\/\/mohub.eu\/en\/#website"},"datePublished":"2025-07-23T17:23:51+00:00","breadcrumb":{"@id":"https:\/\/mohub.eu\/en\/formularz-cateringowy\/#breadcrumb"},"inLanguage":"en-US","potentialAction":[{"@type":"ReadAction","target":["https:\/\/mohub.eu\/en\/formularz-cateringowy\/"]}]},{"@type":"BreadcrumbList","@id":"https:\/\/mohub.eu\/en\/formularz-cateringowy\/#breadcrumb","itemListElement":[{"@type":"ListItem","position":1,"name":"Strona g\u0142\u00f3wna","item":"https:\/\/mohub.eu\/en\/"},{"@type":"ListItem","position":2,"name":"Formularz cateringowy"}]},{"@type":"WebSite","@id":"https:\/\/mohub.eu\/en\/#website","url":"https:\/\/mohub.eu\/en\/","name":"Mohub English","description":"","potentialAction":[{"@type":"SearchAction","target":{"@type":"EntryPoint","urlTemplate":"https:\/\/mohub.eu\/en\/?s={search_term_string}"},"query-input":{"@type":"PropertyValueSpecification","valueRequired":true,"valueName":"search_term_string"}}],"inLanguage":"en-US"}]}},"_links":{"self":[{"href":"https:\/\/mohub.eu\/en\/wp-json\/wp\/v2\/pages\/82","targetHints":{"allow":["GET"]}}],"collection":[{"href":"https:\/\/mohub.eu\/en\/wp-json\/wp\/v2\/pages"}],"about":[{"href":"https:\/\/mohub.eu\/en\/wp-json\/wp\/v2\/types\/page"}],"author":[{"embeddable":true,"href":"https:\/\/mohub.eu\/en\/wp-json\/wp\/v2\/users\/1"}],"replies":[{"embeddable":true,"href":"https:\/\/mohub.eu\/en\/wp-json\/wp\/v2\/comments?post=82"}],"version-history":[{"count":0,"href":"https:\/\/mohub.eu\/en\/wp-json\/wp\/v2\/pages\/82\/revisions"}],"wp:attachment":[{"href":"https:\/\/mohub.eu\/en\/wp-json\/wp\/v2\/media?parent=82"}],"curies":[{"name":"wp","href":"https:\/\/api.w.org\/{rel}","templated":true}]}}